{"id":480,"date":"2022-05-23T17:53:29","date_gmt":"2022-05-23T15:53:29","guid":{"rendered":"https:\/\/foroderechosdigitales.org\/invitation-form\/"},"modified":"2022-05-23T23:37:34","modified_gmt":"2022-05-23T21:37:34","slug":"invitation-form","status":"publish","type":"page","link":"https:\/\/foroderechosdigitales.org\/en\/invitation-form\/","title":{"rendered":"Invitation form to the Digital Rights Forum"},"content":{"rendered":"<p><strong>Complete the attendance form for the Digital Rights Forum to be held on Thursday, May 26. You can view the program <a href=\"https:\/\/foroderechosdigitales.org\/agenda\/\" target=\"_blank\" rel=\"noopener\">here<\/a> and for any questions or queries, contact the email <a href=\"mailto:plataforma@redconecta.org\" target=\"_blank\" rel=\"noopener\">plataforma@redconecta.org<\/a> .<\/strong><\/p>\n<p>&nbsp;<\/p>\n<p>&nbsp;<\/p>\n<script type=\"text\/javascript\">\n\/* <![CDATA[ *\/\nvar gform;gform||(document.addEventListener(\"gform_main_scripts_loaded\",function(){gform.scriptsLoaded=!0}),document.addEventListener(\"gform\/theme\/scripts_loaded\",function(){gform.themeScriptsLoaded=!0}),window.addEventListener(\"DOMContentLoaded\",function(){gform.domLoaded=!0}),gform={domLoaded:!1,scriptsLoaded:!1,themeScriptsLoaded:!1,isFormEditor:()=>\"function\"==typeof InitializeEditor,callIfLoaded:function(o){return!(!gform.domLoaded||!gform.scriptsLoaded||!gform.themeScriptsLoaded&&!gform.isFormEditor()||(gform.isFormEditor()&&console.warn(\"The use of gform.initializeOnLoaded() is deprecated in the form editor context and will be removed in Gravity Forms 3.1.\"),o(),0))},initializeOnLoaded:function(o){gform.callIfLoaded(o)||(document.addEventListener(\"gform_main_scripts_loaded\",()=>{gform.scriptsLoaded=!0,gform.callIfLoaded(o)}),document.addEventListener(\"gform\/theme\/scripts_loaded\",()=>{gform.themeScriptsLoaded=!0,gform.callIfLoaded(o)}),window.addEventListener(\"DOMContentLoaded\",()=>{gform.domLoaded=!0,gform.callIfLoaded(o)}))},hooks:{action:{},filter:{}},addAction:function(o,r,e,t){gform.addHook(\"action\",o,r,e,t)},addFilter:function(o,r,e,t){gform.addHook(\"filter\",o,r,e,t)},doAction:function(o){gform.doHook(\"action\",o,arguments)},applyFilters:function(o){return gform.doHook(\"filter\",o,arguments)},removeAction:function(o,r){gform.removeHook(\"action\",o,r)},removeFilter:function(o,r,e){gform.removeHook(\"filter\",o,r,e)},addHook:function(o,r,e,t,n){null==gform.hooks[o][r]&&(gform.hooks[o][r]=[]);var d=gform.hooks[o][r];null==n&&(n=r+\"_\"+d.length),gform.hooks[o][r].push({tag:n,callable:e,priority:t=null==t?10:t})},doHook:function(r,o,e){var t;if(e=Array.prototype.slice.call(e,1),null!=gform.hooks[r][o]&&((o=gform.hooks[r][o]).sort(function(o,r){return o.priority-r.priority}),o.forEach(function(o){\"function\"!=typeof(t=o.callable)&&(t=window[t]),\"action\"==r?t.apply(null,e):e[0]=t.apply(null,e)})),\"filter\"==r)return e[0]},removeHook:function(o,r,t,n){var e;null!=gform.hooks[o][r]&&(e=(e=gform.hooks[o][r]).filter(function(o,r,e){return!!(null!=n&&n!=o.tag||null!=t&&t!=o.priority)}),gform.hooks[o][r]=e)}});\n\/* ]]> *\/\n<\/script>\n\n                <div class='gf_browser_gecko gform_wrapper gravity-theme gform-theme--no-framework' data-form-theme='gravity-theme' data-form-index='0' id='gform_wrapper_3' style='display:none'><form method='post' enctype='multipart\/form-data'  id='gform_3'  action='\/en\/wp-json\/wp\/v2\/pages\/480' data-formid='3' novalidate>\n                        <div class='gform-body gform_body'><div id='gform_fields_3' class='gform_fields top_label form_sublabel_below description_below validation_below'><fieldset id=\"field_3_1\" class=\"gfield gfield--type-name gfield_contains_required field_sublabel_below gfield--no-description field_description_below field_validation_below gfield_visibility_visible\"  ><legend class='gfield_label gform-field-label gfield_label_before_complex' >Nombre y apellidos.<span class=\"gfield_required\"><span class=\"gfield_required gfield_required_text\">(Required)<\/span><\/span><\/legend><div class='ginput_complex ginput_container ginput_container--name no_prefix has_first_name no_middle_name has_last_name no_suffix gf_name_has_2 ginput_container_name gform-grid-row' id='input_3_1'>\n                            \n                            <span id='input_3_1_3_container' class='name_first gform-grid-col gform-grid-col--size-auto' >\n                                                    <input type='text' name='input_1.3' id='input_3_1_3' value=''   aria-required='true'     \/>\n                                                    <label for='input_3_1_3' class='gform-field-label gform-field-label--type-sub '>First<\/label>\n                                                <\/span>\n                            \n                            <span id='input_3_1_6_container' class='name_last gform-grid-col gform-grid-col--size-auto' >\n                                                    <input type='text' name='input_1.6' id='input_3_1_6' value=''   aria-required='true'     \/>\n                                                    <label for='input_3_1_6' class='gform-field-label gform-field-label--type-sub '>Last<\/label>\n                                                <\/span>\n                            \n                        <\/div><\/fieldset><div id=\"field_3_4\" class=\"gfield gfield--type-text gfield--width-full gfield_contains_required field_sublabel_below gfield--no-description field_description_below field_validation_below gfield_visibility_visible\"  ><label class='gfield_label gform-field-label' for='input_3_4'>Instituci\u00f3n, organismo o entidad a la que pertenece.<span class=\"gfield_required\"><span class=\"gfield_required gfield_required_text\">(Required)<\/span><\/span><\/label><div class='ginput_container ginput_container_text'><input name='input_4' id='input_3_4' type='text' value='' class='large'     aria-required=\"true\" aria-invalid=\"false\"   \/><\/div><\/div><div id=\"field_3_2\" class=\"gfield gfield--type-email gfield--width-half gfield_contains_required field_sublabel_below gfield--no-description field_description_below field_validation_below gfield_visibility_visible\"  ><label class='gfield_label gform-field-label' for='input_3_2'>Email para contactar con usted.<span class=\"gfield_required\"><span class=\"gfield_required gfield_required_text\">(Required)<\/span><\/span><\/label><div class='ginput_container ginput_container_email'>\n                            <input name='input_2' id='input_3_2' type='email' value='' class='large'    aria-required=\"true\" aria-invalid=\"false\"  \/>\n                        <\/div><\/div><div id=\"field_3_13\" class=\"gfield gfield--type-text gfield--width-half field_sublabel_below gfield--no-description field_description_below field_validation_below gfield_visibility_visible\"  ><label class='gfield_label gform-field-label' for='input_3_13'>Tel\u00e9fono para contactar con usted.<\/label><div class='ginput_container ginput_container_text'><input name='input_13' id='input_3_13' type='text' value='' class='large'      aria-invalid=\"false\"   \/><\/div><\/div><fieldset id=\"field_3_5\" class=\"gfield gfield--type-radio gfield--type-choice gfield--width-full gfield_contains_required field_sublabel_below gfield--no-description field_description_below field_validation_below gfield_visibility_visible\"  ><legend class='gfield_label gform-field-label' >\u00bfCu\u00e1ndo tiene prevista su asistencia el jueves 26 de mayo al Foro de Derechos Digitales?<span class=\"gfield_required\"><span class=\"gfield_required gfield_required_text\">(Required)<\/span><\/span><\/legend><div class='ginput_container ginput_container_radio'><div class='gfield_radio' id='input_3_5'>\n\t\t\t<div class='gchoice gchoice_3_5_0'>\n\t\t\t\t\t<input class='gfield-choice-input' name='input_5' type='radio' value='Durante la ma\u00f1ana'  id='choice_3_5_0' onchange='gformToggleRadioOther( this )'    \/>\n\t\t\t\t\t<label for='choice_3_5_0' id='label_3_5_0' class='gform-field-label gform-field-label--type-inline'>Durante la ma\u00f1ana<\/label>\n\t\t\t<\/div>\n\t\t\t<div class='gchoice gchoice_3_5_1'>\n\t\t\t\t\t<input class='gfield-choice-input' name='input_5' type='radio' value='Durante la tarde'  id='choice_3_5_1' onchange='gformToggleRadioOther( this )'    \/>\n\t\t\t\t\t<label for='choice_3_5_1' id='label_3_5_1' class='gform-field-label gform-field-label--type-inline'>Durante la tarde<\/label>\n\t\t\t<\/div>\n\t\t\t<div class='gchoice gchoice_3_5_2'>\n\t\t\t\t\t<input class='gfield-choice-input' name='input_5' type='radio' value='Ma\u00f1ana y tarde'  id='choice_3_5_2' onchange='gformToggleRadioOther( this )'    \/>\n\t\t\t\t\t<label for='choice_3_5_2' id='label_3_5_2' class='gform-field-label gform-field-label--type-inline'>Ma\u00f1ana y tarde<\/label>\n\t\t\t<\/div><\/div><\/div><\/fieldset><fieldset id=\"field_3_15\" class=\"gfield gfield--type-radio gfield--type-choice gfield--width-full gfield_contains_required field_sublabel_below gfield--no-description field_description_below field_validation_below gfield_visibility_visible\"  ><legend class='gfield_label gform-field-label' >A las 10:30 horas, realizamos talleres compartidos sobre los derechos digitales. \u00bfQuiere participar en alguno de los talleres?<span class=\"gfield_required\"><span class=\"gfield_required gfield_required_text\">(Required)<\/span><\/span><\/legend><div class='ginput_container ginput_container_radio'><div class='gfield_radio' id='input_3_15'>\n\t\t\t<div class='gchoice gchoice_3_15_0'>\n\t\t\t\t\t<input class='gfield-choice-input' name='input_15' type='radio' value='S\u00ed'  id='choice_3_15_0' onchange='gformToggleRadioOther( this )'    \/>\n\t\t\t\t\t<label for='choice_3_15_0' id='label_3_15_0' class='gform-field-label gform-field-label--type-inline'>S\u00ed<\/label>\n\t\t\t<\/div>\n\t\t\t<div class='gchoice gchoice_3_15_1'>\n\t\t\t\t\t<input class='gfield-choice-input' name='input_15' type='radio' value='No'  id='choice_3_15_1' onchange='gformToggleRadioOther( this )'    \/>\n\t\t\t\t\t<label for='choice_3_15_1' id='label_3_15_1' class='gform-field-label gform-field-label--type-inline'>No<\/label>\n\t\t\t<\/div><\/div><\/div><\/fieldset><div id=\"field_3_16\" class=\"gfield gfield--type-select gfield--width-full field_sublabel_below gfield--no-description field_description_below field_validation_below gfield_visibility_visible\"  ><label class='gfield_label gform-field-label' for='input_3_16'>Cada taller tiene una tem\u00e1tica diferente. \u00bfEn cu\u00e1l le gustar\u00eda participar?<\/label><div class='ginput_container ginput_container_select'><select name='input_16' id='input_3_16' class='large gfield_select'     aria-invalid=\"false\" ><option value='G\u00e9nero (se impartir\u00e1 en espa\u00f1ol)' >G\u00e9nero (se impartir\u00e1 en espa\u00f1ol)<\/option><option value='Personas migrantes (se impartir\u00e1 en espa\u00f1ol)' >Personas migrantes (se impartir\u00e1 en espa\u00f1ol)<\/option><option value='Personas con discapacidad (se impartir\u00e1 en espa\u00f1ol)' >Personas con discapacidad (se impartir\u00e1 en espa\u00f1ol)<\/option><option value='Empleabilidad (se impartir\u00e1 en espa\u00f1ol)' >Empleabilidad (se impartir\u00e1 en espa\u00f1ol)<\/option><option value='Infancia y juventud (se impartir\u00e1 en espa\u00f1ol)' >Infancia y juventud (se impartir\u00e1 en espa\u00f1ol)<\/option><option value='Medioambiente y sostenibilidad (se impartir\u00e1 en espa\u00f1ol)' >Medioambiente y sostenibilidad (se impartir\u00e1 en espa\u00f1ol)<\/option><option value='Personas mayores y protecci\u00f3n de la salud (se impartir\u00e1 en espa\u00f1ol)' >Personas mayores y protecci\u00f3n de la salud (se impartir\u00e1 en espa\u00f1ol)<\/option><option value='Ruralidades (se impartir\u00e1 en espa\u00f1ol)' >Ruralidades (se impartir\u00e1 en espa\u00f1ol)<\/option><option value='Inteligencia Artificial (se impartir\u00e1 en espa\u00f1ol)' >Inteligencia Artificial (se impartir\u00e1 en espa\u00f1ol)<\/option><option value='Gobernanza de internet y participaci\u00f3n ciudadana (se impartir\u00e1 en espa\u00f1ol)' >Gobernanza de internet y participaci\u00f3n ciudadana (se impartir\u00e1 en espa\u00f1ol)<\/option><option value='Employability (se impartir\u00e1 en ingl\u00e9s)' >Employability (se impartir\u00e1 en ingl\u00e9s)<\/option><option value='Digital education for social inclusion (se impartir\u00e1 en ingl\u00e9s)' >Digital education for social inclusion (se impartir\u00e1 en ingl\u00e9s)<\/option><\/select><\/div><\/div><fieldset id=\"field_3_6\" class=\"gfield gfield--type-radio gfield--type-choice gfield--width-full gfield_contains_required field_sublabel_below gfield--no-description field_description_below field_validation_below gfield_visibility_visible\"  ><legend class='gfield_label gform-field-label' >La comida se servir\u00e1 a las 13:30 horas. \u00bfTiene previsto quedarse a comer en las instalaciones de Centre Esplai?<span class=\"gfield_required\"><span class=\"gfield_required gfield_required_text\">(Required)<\/span><\/span><\/legend><div class='ginput_container ginput_container_radio'><div class='gfield_radio' id='input_3_6'>\n\t\t\t<div class='gchoice gchoice_3_6_0'>\n\t\t\t\t\t<input class='gfield-choice-input' name='input_6' type='radio' value='S\u00ed'  id='choice_3_6_0' onchange='gformToggleRadioOther( this )'    \/>\n\t\t\t\t\t<label for='choice_3_6_0' id='label_3_6_0' class='gform-field-label gform-field-label--type-inline'>S\u00ed<\/label>\n\t\t\t<\/div>\n\t\t\t<div class='gchoice gchoice_3_6_1'>\n\t\t\t\t\t<input class='gfield-choice-input' name='input_6' type='radio' value='No'  id='choice_3_6_1' onchange='gformToggleRadioOther( this )'    \/>\n\t\t\t\t\t<label for='choice_3_6_1' id='label_3_6_1' class='gform-field-label gform-field-label--type-inline'>No<\/label>\n\t\t\t<\/div><\/div><\/div><\/fieldset><fieldset id=\"field_3_8\" class=\"gfield gfield--type-radio gfield--type-choice gfield--width-full gfield_contains_required field_sublabel_below gfield--no-description field_description_below field_validation_below gfield_visibility_visible\"  ><legend class='gfield_label gform-field-label' >\u00bfTiene alg\u00fan tipo de intolerancia alimenticia, alergia o dieta espec\u00edfica?<span class=\"gfield_required\"><span class=\"gfield_required gfield_required_text\">(Required)<\/span><\/span><\/legend><div class='ginput_container ginput_container_radio'><div class='gfield_radio' id='input_3_8'>\n\t\t\t<div class='gchoice gchoice_3_8_0'>\n\t\t\t\t\t<input class='gfield-choice-input' name='input_8' type='radio' value='S\u00ed'  id='choice_3_8_0' onchange='gformToggleRadioOther( this )'    \/>\n\t\t\t\t\t<label for='choice_3_8_0' id='label_3_8_0' class='gform-field-label gform-field-label--type-inline'>S\u00ed<\/label>\n\t\t\t<\/div>\n\t\t\t<div class='gchoice gchoice_3_8_1'>\n\t\t\t\t\t<input class='gfield-choice-input' name='input_8' type='radio' value='No'  id='choice_3_8_1' onchange='gformToggleRadioOther( this )'    \/>\n\t\t\t\t\t<label for='choice_3_8_1' id='label_3_8_1' class='gform-field-label gform-field-label--type-inline'>No<\/label>\n\t\t\t<\/div><\/div><\/div><\/fieldset><div id=\"field_3_7\" class=\"gfield gfield--type-text gfield--width-full gfield_contains_required field_sublabel_below gfield--no-description field_description_below field_validation_below gfield_visibility_visible\"  ><label class='gfield_label gform-field-label' for='input_3_7'>Indique cu\u00e1l.<span class=\"gfield_required\"><span class=\"gfield_required gfield_required_text\">(Required)<\/span><\/span><\/label><div class='ginput_container ginput_container_text'><input name='input_7' id='input_3_7' type='text' value='' class='large'     aria-required=\"true\" aria-invalid=\"false\"   \/><\/div><\/div><fieldset id=\"field_3_9\" class=\"gfield gfield--type-radio gfield--type-choice gfield--width-full gfield_contains_required field_sublabel_below gfield--no-description field_description_below field_validation_below gfield_visibility_visible\"  ><legend class='gfield_label gform-field-label' >A las 20:30 horas, disponemos de autocares que trasladar\u00e1n a los invitados a la localizaci\u00f3n donde se organiza la cena institucional. \u00bfTiene previsto asistir a esta cena?<span class=\"gfield_required\"><span class=\"gfield_required gfield_required_text\">(Required)<\/span><\/span><\/legend><div class='ginput_container ginput_container_radio'><div class='gfield_radio' id='input_3_9'>\n\t\t\t<div class='gchoice gchoice_3_9_0'>\n\t\t\t\t\t<input class='gfield-choice-input' name='input_9' type='radio' value='S\u00ed'  id='choice_3_9_0' onchange='gformToggleRadioOther( this )'    \/>\n\t\t\t\t\t<label for='choice_3_9_0' id='label_3_9_0' class='gform-field-label gform-field-label--type-inline'>S\u00ed<\/label>\n\t\t\t<\/div>\n\t\t\t<div class='gchoice gchoice_3_9_1'>\n\t\t\t\t\t<input class='gfield-choice-input' name='input_9' type='radio' value='No'  id='choice_3_9_1' onchange='gformToggleRadioOther( this )'    \/>\n\t\t\t\t\t<label for='choice_3_9_1' id='label_3_9_1' class='gform-field-label gform-field-label--type-inline'>No<\/label>\n\t\t\t<\/div><\/div><\/div><\/fieldset><fieldset id=\"field_3_11\" class=\"gfield gfield--type-radio gfield--type-choice gfield--width-full gfield_contains_required field_sublabel_below gfield--no-description field_description_below field_validation_below gfield_visibility_visible\"  ><legend class='gfield_label gform-field-label' >\u00bfTiene alg\u00fan tipo de intolerancia alimenticia, alergia o dieta espec\u00edfica?<span class=\"gfield_required\"><span class=\"gfield_required gfield_required_text\">(Required)<\/span><\/span><\/legend><div class='ginput_container ginput_container_radio'><div class='gfield_radio' id='input_3_11'>\n\t\t\t<div class='gchoice gchoice_3_11_0'>\n\t\t\t\t\t<input class='gfield-choice-input' name='input_11' type='radio' value='S\u00ed'  id='choice_3_11_0' onchange='gformToggleRadioOther( this )'    \/>\n\t\t\t\t\t<label for='choice_3_11_0' id='label_3_11_0' class='gform-field-label gform-field-label--type-inline'>S\u00ed<\/label>\n\t\t\t<\/div>\n\t\t\t<div class='gchoice gchoice_3_11_1'>\n\t\t\t\t\t<input class='gfield-choice-input' name='input_11' type='radio' value='No'  id='choice_3_11_1' onchange='gformToggleRadioOther( this )'    \/>\n\t\t\t\t\t<label for='choice_3_11_1' id='label_3_11_1' class='gform-field-label gform-field-label--type-inline'>No<\/label>\n\t\t\t<\/div><\/div><\/div><\/fieldset><div id=\"field_3_12\" class=\"gfield gfield--type-text gfield--width-full field_sublabel_below gfield--no-description field_description_below field_validation_below gfield_visibility_visible\"  ><label class='gfield_label gform-field-label' for='input_3_12'>Indique cu\u00e1l.<\/label><div class='ginput_container ginput_container_text'><input name='input_12' id='input_3_12' type='text' value='' class='large'      aria-invalid=\"false\"   \/><\/div><\/div><\/div><\/div>\n        <div class='gform-footer gform_footer top_label'> <input type='submit' id='gform_submit_button_3' class='gform_button button' onclick='gform.submission.handleButtonClick(this);' data-submission-type='submit' value='Enviar'  \/> \n            <input type='hidden' class='gform_hidden' name='gform_submission_method' data-js='gform_submission_method_3' value='postback' \/>\n            <input type='hidden' class='gform_hidden' name='gform_theme' data-js='gform_theme_3' id='gform_theme_3' value='gravity-theme' \/>\n            <input type='hidden' class='gform_hidden' name='gform_style_settings' data-js='gform_style_settings_3' id='gform_style_settings_3' value='[]' \/>\n            <input type='hidden' class='gform_hidden' name='is_submit_3' value='1' \/>\n            <input type='hidden' class='gform_hidden' name='gform_submit' value='3' \/>\n            \n            <input type='hidden' class='gform_hidden' name='gform_currency' data-currency='EUR' value='bVh9WRcanNdiuK47OUSiAwmQyfGf0F8Miwu2clV\/5XYp\/7vU5VUnNZ\/34GkG0jg7U0PFJEO7Zdl8DwAiIq+Cisz+FtT78aq5syfkKQu5DZiRckc=' \/>\n            <input type='hidden' class='gform_hidden' name='gform_unique_id' value='' \/>\n            <input type='hidden' class='gform_hidden' name='state_3' value='WyJ7XCI1XCI6W1wiMThkYTBiNDBkMDc3MzUwZjgyZWY4NDU5Y2RjMzlhYmZcIixcIjc1MzliOWMyNGI5MTFmZWVhODNhYTA5ZGYzY2Q5YjA4XCIsXCJkYjMwOWFmZmQzZTZkM2U5MjNiMzM3NjU5Yjc3Njk3ZFwiXSxcIjE1XCI6W1wiMWFhZTdlNTE3MTkyYTBjYzJmYWE0ZWQxMzE4ZTZhYmVcIixcImFjZWIxNDRmMWNhNmY5NGViMWY3N2U0ZmNmNmE1MWIxXCJdLFwiNlwiOltcIjFhYWU3ZTUxNzE5MmEwY2MyZmFhNGVkMTMxOGU2YWJlXCIsXCJhY2ViMTQ0ZjFjYTZmOTRlYjFmNzdlNGZjZjZhNTFiMVwiXSxcIjhcIjpbXCIxYWFlN2U1MTcxOTJhMGNjMmZhYTRlZDEzMThlNmFiZVwiLFwiYWNlYjE0NGYxY2E2Zjk0ZWIxZjc3ZTRmY2Y2YTUxYjFcIl0sXCI5XCI6W1wiMWFhZTdlNTE3MTkyYTBjYzJmYWE0ZWQxMzE4ZTZhYmVcIixcImFjZWIxNDRmMWNhNmY5NGViMWY3N2U0ZmNmNmE1MWIxXCJdLFwiMTFcIjpbXCIxYWFlN2U1MTcxOTJhMGNjMmZhYTRlZDEzMThlNmFiZVwiLFwiYWNlYjE0NGYxY2E2Zjk0ZWIxZjc3ZTRmY2Y2YTUxYjFcIl19IiwiYzdmNThlMjM2MWVlNDNjYWRjMGVlZGY4ODAxNjljZmMiXQ==' \/>\n            <input type='hidden' autocomplete='off' class='gform_hidden' name='gform_target_page_number_3' id='gform_target_page_number_3' value='0' \/>\n            <input type='hidden' autocomplete='off' class='gform_hidden' name='gform_source_page_number_3' id='gform_source_page_number_3' value='1' \/>\n            <input type='hidden' name='gform_field_values' value='' \/>\n            \n        <\/div>\n                        <\/form>\n                        <\/div><script type=\"text\/javascript\">\n\/* <![CDATA[ *\/\n gform.initializeOnLoaded( function() {gformInitSpinner( 3, 'https:\/\/foroderechosdigitales.org\/wp-content\/plugins\/gravityforms\/images\/spinner.svg', true );jQuery('#gform_ajax_frame_3').on('load',function(){var contents = jQuery(this).contents().find('*').html();var is_postback = contents.indexOf('GF_AJAX_POSTBACK') >= 0;if(!is_postback){return;}var form_content = jQuery(this).contents().find('#gform_wrapper_3');var is_confirmation = jQuery(this).contents().find('#gform_confirmation_wrapper_3').length > 0;var is_redirect = contents.indexOf('gformRedirect(){') >= 0;var is_form = form_content.length > 0 && ! is_redirect && ! is_confirmation;var mt = parseInt(jQuery('html').css('margin-top'), 10) + parseInt(jQuery('body').css('margin-top'), 10) + 100;if(is_form){form_content.find('form').css('opacity', 0);jQuery('#gform_wrapper_3').html(form_content.html());if(form_content.hasClass('gform_validation_error')){jQuery('#gform_wrapper_3').addClass('gform_validation_error');} else {jQuery('#gform_wrapper_3').removeClass('gform_validation_error');}setTimeout( function() { \/* delay the scroll by 50 milliseconds to fix a bug in chrome *\/  }, 50 );if(window['gformInitDatepicker']) {gformInitDatepicker();}if(window['gformInitPriceFields']) {gformInitPriceFields();}var current_page = jQuery('#gform_source_page_number_3').val();gformInitSpinner( 3, 'https:\/\/foroderechosdigitales.org\/wp-content\/plugins\/gravityforms\/images\/spinner.svg', true );jQuery(document).trigger('gform_page_loaded', [3, current_page]);window['gf_submitting_3'] = false;}else if(!is_redirect){var confirmation_content = jQuery(this).contents().find('.GF_AJAX_POSTBACK').html();if(!confirmation_content){confirmation_content = contents;}jQuery('#gform_wrapper_3').replaceWith(confirmation_content);jQuery(document).trigger('gform_confirmation_loaded', [3]);window['gf_submitting_3'] = false;wp.a11y.speak(jQuery('#gform_confirmation_message_3').text());}else{jQuery('#gform_3').append(contents);if(window['gformRedirect']) {gformRedirect();}}jQuery(document).trigger(\"gform_pre_post_render\", [{ formId: \"3\", currentPage: \"current_page\", abort: function() { this.preventDefault(); } }]);        if (event && event.defaultPrevented) {                return;        }        const gformWrapperDiv = document.getElementById( \"gform_wrapper_3\" );        if ( gformWrapperDiv ) {            const visibilitySpan = document.createElement( \"span\" );            visibilitySpan.id = \"gform_visibility_test_3\";            gformWrapperDiv.insertAdjacentElement( \"afterend\", visibilitySpan );        }        const visibilityTestDiv = document.getElementById( \"gform_visibility_test_3\" );        let postRenderFired = false;        function triggerPostRender() {            if ( postRenderFired ) {                return;            }            postRenderFired = true;            gform.core.triggerPostRenderEvents( 3, current_page );            if ( visibilityTestDiv ) {                visibilityTestDiv.parentNode.removeChild( visibilityTestDiv );            }        }        function debounce( func, wait, immediate ) {            var timeout;            return function() {                var context = this, args = arguments;                var later = function() {                    timeout = null;                    if ( !immediate ) func.apply( context, args );                };                var callNow = immediate && !timeout;                clearTimeout( timeout );                timeout = setTimeout( later, wait );                if ( callNow ) func.apply( context, args );            };        }        const debouncedTriggerPostRender = debounce( function() {            triggerPostRender();        }, 200 );        if ( visibilityTestDiv && visibilityTestDiv.offsetParent === null ) {            const observer = new MutationObserver( ( mutations ) => {                mutations.forEach( ( mutation ) => {                    if ( mutation.type === 'attributes' && visibilityTestDiv.offsetParent !== null ) {                        debouncedTriggerPostRender();                        observer.disconnect();                    }                });            });            observer.observe( document.body, {                attributes: true,                childList: false,                subtree: true,                attributeFilter: [ 'style', 'class' ],            });        } else {            triggerPostRender();        }    } );} ); \n\/* ]]> *\/\n<\/script>\n\n<p>&nbsp;<\/p>\n<p>&nbsp;<\/p>\n<p>&nbsp;<\/p>\n<p>&nbsp;<\/p>\n<p>&nbsp;<\/p>\n","protected":false},"excerpt":{"rendered":"<p>Complete the attendance form for the Digital Rights Forum to be held on Thursday, May 26. You can view the program here and for any questions or queries, contact the email plataforma@redconecta.org . &nbsp; &nbsp; &nbsp; &nbsp; &nbsp; &nbsp; &nbsp;<\/p>\n","protected":false},"author":71,"featured_media":0,"parent":0,"menu_order":0,"comment_status":"closed","ping_status":"closed","template":"","meta":{"_et_pb_use_builder":"","_et_pb_old_content":"","_et_gb_content_width":"","footnotes":""},"class_list":["post-480","page","type-page","status-publish","hentry"],"_links":{"self":[{"href":"https:\/\/foroderechosdigitales.org\/en\/wp-json\/wp\/v2\/pages\/480","targetHints":{"allow":["GET"]}}],"collection":[{"href":"https:\/\/foroderechosdigitales.org\/en\/wp-json\/wp\/v2\/pages"}],"about":[{"href":"https:\/\/foroderechosdigitales.org\/en\/wp-json\/wp\/v2\/types\/page"}],"author":[{"embeddable":true,"href":"https:\/\/foroderechosdigitales.org\/en\/wp-json\/wp\/v2\/users\/71"}],"replies":[{"embeddable":true,"href":"https:\/\/foroderechosdigitales.org\/en\/wp-json\/wp\/v2\/comments?post=480"}],"version-history":[{"count":1,"href":"https:\/\/foroderechosdigitales.org\/en\/wp-json\/wp\/v2\/pages\/480\/revisions"}],"predecessor-version":[{"id":510,"href":"https:\/\/foroderechosdigitales.org\/en\/wp-json\/wp\/v2\/pages\/480\/revisions\/510"}],"wp:attachment":[{"href":"https:\/\/foroderechosdigitales.org\/en\/wp-json\/wp\/v2\/media?parent=480"}],"curies":[{"name":"wp","href":"https:\/\/api.w.org\/{rel}","templated":true}]}}